{"id":989023,"date":"2023-12-28T15:59:02","date_gmt":"2023-12-28T14:59:02","guid":{"rendered":"https:\/\/www.pepjoanjoies.com\/politica-de-privacidad\/"},"modified":"2024-02-07T14:58:20","modified_gmt":"2024-02-07T13:58:20","slug":"politica-de-privacidad","status":"publish","type":"page","link":"https:\/\/www.pepjoanjoies.com\/es\/politica-de-privacidad\/","title":{"rendered":"Pol\u00edtica de privacidad"},"content":{"rendered":"<div class=\"vgblk-rw-wrapper limit-wrapper\"><p><strong>NORMATIVA.<\/strong><\/p><p>PEP JOAN JOIES afirma su compromiso en llevar a cabo todo lo posible, adoptando las medidas t\u00e9cnicas y organizativas correspondientes, para evitar riesgos sobre los datos recogidos a los usuarios\/as.<\/p><p>La pol\u00edtica de privacidad respeta las siguientes normas:<\/p><p>\u00b7 Ley org\u00e1nica 3\/2018, de 5 de diciembre, de Protecci\u00f3n de Datos Personales y garant\u00eda de los derechos digitales.<br\/>\u00b7 REGLAMENTO (UE) 2016\/679 DEL PARLAMENTO EUROPEO Y DEL CONSEJO de 27 de abril de 2016 relativo a la protecci\u00f3n de las personas f\u00edsicas en cuanto al tratamiento de datos personales ya la libre circulaci\u00f3n de estos datos y por el que se deroga la Directiva 95\/46\/CE (Reglamento general de protecci\u00f3n de datos)<br\/>\u00b7 Real decreto 1720\/2007, de 21 de diciembre, por el que se aprueba el Reglamento de desarrollo de la Ley org\u00e1nica 15\/1999, de 13 de diciembre, de protecci\u00f3n de datos de car\u00e1cter personal.<br\/>\u00b7 Ley 34\/2002, de 11 de julio, de servicios de la sociedad de la informaci\u00f3n y de comercio electr\u00f3nico.<\/p><p><\/p><p><strong>GARANT\u00cdA, CONSENTIMIENTO Y RESPETO DE LA PRIVACIDAD.<\/strong><\/p><p>Se respetar\u00e1 la normativa vigente en cada momento, y se velar\u00e1 por garantizar un correcto uso y tratamiento de los datos personales del usuario\/ao cliente\/a. Para ello, junto a cada formulario de recaudaci\u00f3n de datos de car\u00e1cter personal, en los servicios que el usuario\/a pueda solicitar a \u201cPEP JOAN JOIES\u201d, se har\u00e1 saber al usuario\/a de la existencia y aceptaci\u00f3n de las condiciones particulares del tratamiento de sus datos en cada caso, inform\u00e1ndole de la responsabilidad del fichero creado, la direcci\u00f3n del responsable, la posibilidad de ejercer sus derechos de acceso, rectificaci\u00f3n, cancelaci\u00f3n, supresi\u00f3n , oposici\u00f3n, limitaci\u00f3n y olvido, conocer los datos que constan en nuestro sistema, la finalidad del tratamiento y las comunicaciones de datos a terceros en su caso y en retirar el consentimiento otorgado en cualquier momento, sin verse afectado por ello el consentimiento previamente otorgado . Asimismo, PEP JOAN JOIES informa que da cumplimiento a la Ley 34\/2002 de 11 de julio, de Servicios de la Sociedad de la Informaci\u00f3n y el Comercio Electr\u00f3nico y le solicitar\u00e1 su consentimiento al tratamiento de su correo electr\u00f3nico con fines comerciales en cada momento.<\/p><p><\/p><p><strong>TRATAMIENTO DE DATOS PERSONALES.<\/strong><\/p><p>A efectos de lo dispuesto en la Ley org\u00e1nica de Protecci\u00f3n de Datos de Car\u00e1cter Personal, le informamos que, a consecuencia de la contrataci\u00f3n del servicio, los datos personales facilitados por el cliente\/a en el marco de esta contrataci\u00f3n, ser\u00e1n objeto de tratamiento e incorporados a un archivo de datos de car\u00e1cter personal creado bajo nuestra responsabilidad. La finalidad de este fichero es la administraci\u00f3n y gesti\u00f3n del servicio, cumpliendo con las obligaciones legales.<\/p><p>La veracidad de todos los datos requeridos para la contrataci\u00f3n del servicio es obligatoria, por lo que la ausencia o incorrecci\u00f3n de estos datos nos facultar\u00e1 para no prestarle el servicio contratado o, en su caso, proceder a la suspensi\u00f3n de \u00e9ste.<\/p><p>El cliente\/a otorga su consentimiento para que los datos por \u00e9l facilitados en el marco del servicio contratado, sean igualmente utilizados por \u00e9sta para la correcta prestaci\u00f3n del servicio.<\/p><p>Los datos personales del cliente\/a ser\u00e1n conservados durante la vigencia de la relaci\u00f3n comercial o contractual con el cliente\/a. Una vez finalice \u00e9sta, se mantendr\u00e1n los datos por el tiempo necesario para el cumplimiento de las obligaciones de facturaci\u00f3n y cobro y de cualquier otra obligaci\u00f3n establecida por la normativa vigente.<\/p><p>Si el cliente acepta recibir informaci\u00f3n publicitaria de nuestra empresa, a efectos de tener un conocimiento actualizado de nuestros servicios, podr\u00e1n conservarse sus datos personales a tales efectos.<\/p><p>Nos comprometemos al cumplimiento del deber de guardar secreto y confidencialidad de los datos de car\u00e1cter personal, adopt\u00e1ndose las medidas necesarias para evitar su alteraci\u00f3n, p\u00e9rdida, tratamiento o acceso no autorizado.<\/p><p><\/p><p><strong>EJERCICIO DE DERECHOS.<\/strong><br\/><br\/>De igual forma, el cliente\/a podr\u00e1 ejercitar los derechos de acceso, rectificaci\u00f3n, cancelaci\u00f3n y oposici\u00f3n dirigi\u00e9ndose por escrito a la direcci\u00f3n de correo electr\u00f3nico: <a href=\"mailto:info@pepjoanjoies.com\">info@pepjoanjoies.com<\/a><\/p><p>Sin perjuicio de lo anterior, no proceder\u00e1, en su caso, la cancelaci\u00f3n de los datos personales del cliente\/aa efectos de poder tratar los mismos para la eventual emisi\u00f3n de facturas sobre servicios prestados con anterioridad a la baja, y\/o para la gesti\u00f3n de las eventuales reclamaciones que pudieran surgir derivadas del servicio.<\/p><p>En cualquier caso, el ejercicio de los derecho expuestos, tienen car\u00e1cter personal\u00edsimo, por lo que cualquier solicitud que se nos dirija en tal sentido, deber\u00e1 realizarse por el titular de los datos registrados, incluy\u00e9ndose la fecha, el nombre y apellidos del interesado, domicilio, tel\u00e9fono, correo electr\u00f3nico, la firma del mismo y una fotocopia legible de su documento nacional de identidad o equivalente.<\/p><\/div><!-- .vgblk-rw-wrapper -->","protected":false},"excerpt":{"rendered":"<p>NORMATIVA. PEP JOAN JOIES afirma su compromiso en llevar a cabo todo lo posible, adoptando las medidas t\u00e9cnicas y organizativas correspondientes, para evitar riesgos sobre los datos recogidos a los usuarios\/as. La pol\u00edtica de privacidad respeta las siguientes normas: \u00b7 Ley org\u00e1nica 3\/2018, de 5 de diciembre, de Protecci\u00f3n de Datos Personales y garant\u00eda de&#8230;<\/p>\n","protected":false},"author":1,"featured_media":0,"parent":0,"menu_order":0,"comment_status":"closed","ping_status":"closed","template":"","meta":{"footnotes":""},"class_list":["post-989023","page","type-page","status-publish","hentry"],"yoast_head":"<!-- This site is optimized with the Yoast SEO plugin v23.5 - https:\/\/yoast.com\/wordpress\/plugins\/seo\/ -->\n<title>Pol\u00edtica de privacidad - Pep Joan Joies<\/title>\n<meta name=\"robots\" content=\"index, follow, max-snippet:-1, max-image-preview:large, max-video-preview:-1\" \/>\n<link rel=\"canonical\" href=\"https:\/\/www.pepjoanjoies.com\/es\/politica-de-privacidad\/\" \/>\n<meta property=\"og:locale\" content=\"es_ES\" \/>\n<meta property=\"og:type\" content=\"article\" \/>\n<meta property=\"og:title\" content=\"Pol\u00edtica de privacidad - Pep Joan Joies\" \/>\n<meta property=\"og:description\" content=\"NORMATIVA. PEP JOAN JOIES afirma su compromiso en llevar a cabo todo lo posible, adoptando las medidas t\u00e9cnicas y organizativas correspondientes, para evitar riesgos sobre los datos recogidos a los usuarios\/as. La pol\u00edtica de privacidad respeta las siguientes normas: \u00b7 Ley org\u00e1nica 3\/2018, de 5 de diciembre, de Protecci\u00f3n de Datos Personales y garant\u00eda de...\" \/>\n<meta property=\"og:url\" content=\"https:\/\/www.pepjoanjoies.com\/es\/politica-de-privacidad\/\" \/>\n<meta property=\"og:site_name\" content=\"Pep Joan Joies\" \/>\n<meta property=\"article:publisher\" content=\"https:\/\/www.facebook.com\/pepjoanjoies\/\" \/>\n<meta property=\"article:modified_time\" content=\"2024-02-07T13:58:20+00:00\" \/>\n<meta name=\"twitter:card\" content=\"summary_large_image\" \/>\n<meta name=\"twitter:label1\" content=\"Tiempo de lectura\" \/>\n\t<meta name=\"twitter:data1\" content=\"4 minutos\" \/>\n<script type=\"application\/ld+json\" class=\"yoast-schema-graph\">{\"@context\":\"https:\/\/schema.org\",\"@graph\":[{\"@type\":\"WebPage\",\"@id\":\"https:\/\/www.pepjoanjoies.com\/es\/politica-de-privacidad\/\",\"url\":\"https:\/\/www.pepjoanjoies.com\/es\/politica-de-privacidad\/\",\"name\":\"Pol\u00edtica de privacidad - Pep Joan Joies\",\"isPartOf\":{\"@id\":\"https:\/\/www.pepjoanjoies.com\/es\/#website\"},\"datePublished\":\"2023-12-28T14:59:02+00:00\",\"dateModified\":\"2024-02-07T13:58:20+00:00\",\"breadcrumb\":{\"@id\":\"https:\/\/www.pepjoanjoies.com\/es\/politica-de-privacidad\/#breadcrumb\"},\"inLanguage\":\"es\",\"potentialAction\":[{\"@type\":\"ReadAction\",\"target\":[\"https:\/\/www.pepjoanjoies.com\/es\/politica-de-privacidad\/\"]}]},{\"@type\":\"BreadcrumbList\",\"@id\":\"https:\/\/www.pepjoanjoies.com\/es\/politica-de-privacidad\/#breadcrumb\",\"itemListElement\":[{\"@type\":\"ListItem\",\"position\":1,\"name\":\"Inici\",\"item\":\"https:\/\/www.pepjoanjoies.com\/es\/\"},{\"@type\":\"ListItem\",\"position\":2,\"name\":\"Pol\u00edtica de privacidad\"}]},{\"@type\":\"WebSite\",\"@id\":\"https:\/\/www.pepjoanjoies.com\/es\/#website\",\"url\":\"https:\/\/www.pepjoanjoies.com\/es\/\",\"name\":\"Pep Joan Joies\",\"description\":\"Joies artesanals\",\"publisher\":{\"@id\":\"https:\/\/www.pepjoanjoies.com\/es\/#organization\"},\"potentialAction\":[{\"@type\":\"SearchAction\",\"target\":{\"@type\":\"EntryPoint\",\"urlTemplate\":\"https:\/\/www.pepjoanjoies.com\/es\/?s={search_term_string}\"},\"query-input\":{\"@type\":\"PropertyValueSpecification\",\"valueRequired\":true,\"valueName\":\"search_term_string\"}}],\"inLanguage\":\"es\"},{\"@type\":\"Organization\",\"@id\":\"https:\/\/www.pepjoanjoies.com\/es\/#organization\",\"name\":\"Pep Joan Joies\",\"url\":\"https:\/\/www.pepjoanjoies.com\/es\/\",\"logo\":{\"@type\":\"ImageObject\",\"inLanguage\":\"es\",\"@id\":\"https:\/\/www.pepjoanjoies.com\/es\/#\/schema\/logo\/image\/\",\"url\":\"https:\/\/www.pepjoanjoies.com\/wp-content\/uploads\/2020\/02\/logotip_pj_joies-1__1___1_-removebg-preview.png\",\"contentUrl\":\"https:\/\/www.pepjoanjoies.com\/wp-content\/uploads\/2020\/02\/logotip_pj_joies-1__1___1_-removebg-preview.png\",\"width\":960,\"height\":246,\"caption\":\"Pep Joan Joies\"},\"image\":{\"@id\":\"https:\/\/www.pepjoanjoies.com\/es\/#\/schema\/logo\/image\/\"},\"sameAs\":[\"https:\/\/www.facebook.com\/pepjoanjoies\/\",\"https:\/\/www.instagram.com\/pepjoanjoies\/\"]}]}<\/script>\n<!-- \/ Yoast SEO plugin. -->","yoast_head_json":{"title":"Pol\u00edtica de privacidad - Pep Joan Joies","robots":{"index":"index","follow":"follow","max-snippet":"max-snippet:-1","max-image-preview":"max-image-preview:large","max-video-preview":"max-video-preview:-1"},"canonical":"https:\/\/www.pepjoanjoies.com\/es\/politica-de-privacidad\/","og_locale":"es_ES","og_type":"article","og_title":"Pol\u00edtica de privacidad - Pep Joan Joies","og_description":"NORMATIVA. PEP JOAN JOIES afirma su compromiso en llevar a cabo todo lo posible, adoptando las medidas t\u00e9cnicas y organizativas correspondientes, para evitar riesgos sobre los datos recogidos a los usuarios\/as. La pol\u00edtica de privacidad respeta las siguientes normas: \u00b7 Ley org\u00e1nica 3\/2018, de 5 de diciembre, de Protecci\u00f3n de Datos Personales y garant\u00eda de...","og_url":"https:\/\/www.pepjoanjoies.com\/es\/politica-de-privacidad\/","og_site_name":"Pep Joan Joies","article_publisher":"https:\/\/www.facebook.com\/pepjoanjoies\/","article_modified_time":"2024-02-07T13:58:20+00:00","twitter_card":"summary_large_image","twitter_misc":{"Tiempo de lectura":"4 minutos"},"schema":{"@context":"https:\/\/schema.org","@graph":[{"@type":"WebPage","@id":"https:\/\/www.pepjoanjoies.com\/es\/politica-de-privacidad\/","url":"https:\/\/www.pepjoanjoies.com\/es\/politica-de-privacidad\/","name":"Pol\u00edtica de privacidad - Pep Joan Joies","isPartOf":{"@id":"https:\/\/www.pepjoanjoies.com\/es\/#website"},"datePublished":"2023-12-28T14:59:02+00:00","dateModified":"2024-02-07T13:58:20+00:00","breadcrumb":{"@id":"https:\/\/www.pepjoanjoies.com\/es\/politica-de-privacidad\/#breadcrumb"},"inLanguage":"es","potentialAction":[{"@type":"ReadAction","target":["https:\/\/www.pepjoanjoies.com\/es\/politica-de-privacidad\/"]}]},{"@type":"BreadcrumbList","@id":"https:\/\/www.pepjoanjoies.com\/es\/politica-de-privacidad\/#breadcrumb","itemListElement":[{"@type":"ListItem","position":1,"name":"Inici","item":"https:\/\/www.pepjoanjoies.com\/es\/"},{"@type":"ListItem","position":2,"name":"Pol\u00edtica de privacidad"}]},{"@type":"WebSite","@id":"https:\/\/www.pepjoanjoies.com\/es\/#website","url":"https:\/\/www.pepjoanjoies.com\/es\/","name":"Pep Joan Joies","description":"Joies artesanals","publisher":{"@id":"https:\/\/www.pepjoanjoies.com\/es\/#organization"},"potentialAction":[{"@type":"SearchAction","target":{"@type":"EntryPoint","urlTemplate":"https:\/\/www.pepjoanjoies.com\/es\/?s={search_term_string}"},"query-input":{"@type":"PropertyValueSpecification","valueRequired":true,"valueName":"search_term_string"}}],"inLanguage":"es"},{"@type":"Organization","@id":"https:\/\/www.pepjoanjoies.com\/es\/#organization","name":"Pep Joan Joies","url":"https:\/\/www.pepjoanjoies.com\/es\/","logo":{"@type":"ImageObject","inLanguage":"es","@id":"https:\/\/www.pepjoanjoies.com\/es\/#\/schema\/logo\/image\/","url":"https:\/\/www.pepjoanjoies.com\/wp-content\/uploads\/2020\/02\/logotip_pj_joies-1__1___1_-removebg-preview.png","contentUrl":"https:\/\/www.pepjoanjoies.com\/wp-content\/uploads\/2020\/02\/logotip_pj_joies-1__1___1_-removebg-preview.png","width":960,"height":246,"caption":"Pep Joan Joies"},"image":{"@id":"https:\/\/www.pepjoanjoies.com\/es\/#\/schema\/logo\/image\/"},"sameAs":["https:\/\/www.facebook.com\/pepjoanjoies\/","https:\/\/www.instagram.com\/pepjoanjoies\/"]}]}},"_links":{"self":[{"href":"https:\/\/www.pepjoanjoies.com\/es\/wp-json\/wp\/v2\/pages\/989023","targetHints":{"allow":["GET"]}}],"collection":[{"href":"https:\/\/www.pepjoanjoies.com\/es\/wp-json\/wp\/v2\/pages"}],"about":[{"href":"https:\/\/www.pepjoanjoies.com\/es\/wp-json\/wp\/v2\/types\/page"}],"author":[{"embeddable":true,"href":"https:\/\/www.pepjoanjoies.com\/es\/wp-json\/wp\/v2\/users\/1"}],"replies":[{"embeddable":true,"href":"https:\/\/www.pepjoanjoies.com\/es\/wp-json\/wp\/v2\/comments?post=989023"}],"version-history":[{"count":1,"href":"https:\/\/www.pepjoanjoies.com\/es\/wp-json\/wp\/v2\/pages\/989023\/revisions"}],"predecessor-version":[{"id":989024,"href":"https:\/\/www.pepjoanjoies.com\/es\/wp-json\/wp\/v2\/pages\/989023\/revisions\/989024"}],"wp:attachment":[{"href":"https:\/\/www.pepjoanjoies.com\/es\/wp-json\/wp\/v2\/media?parent=989023"}],"curies":[{"name":"wp","href":"https:\/\/api.w.org\/{rel}","templated":true}]}}