{"id":988999,"date":"2023-12-28T16:04:37","date_gmt":"2023-12-28T15:04:37","guid":{"rendered":"https:\/\/www.pepjoanjoies.com\/aviso-legal\/"},"modified":"2024-02-07T14:12:51","modified_gmt":"2024-02-07T13:12:51","slug":"aviso-legal","status":"publish","type":"page","link":"https:\/\/www.pepjoanjoies.com\/es\/aviso-legal\/","title":{"rendered":"Aviso legal"},"content":{"rendered":"<div class=\"vgblk-rw-wrapper limit-wrapper\"><p><strong>DATOS IDENTIFICATIVOS<\/strong><\/p><p>En cumplimiento con el deber de informaci\u00f3n recogido en art\u00edculo 10 de la Ley 34\/2002, de 11 de julio, de Servicios de la Sociedad de la Informaci\u00f3n y del Comercio Electr\u00f3nico, a continuaci\u00f3n se reflejan los siguientes datos del dominio web:<\/p><p>La entidad titular del dominio web es:<\/p><p>Titular: Jos\u00e9 Juan Tugores Bonnin<br\/>Nombre comercial: PEP JOAN JOIES<br\/>NIF: 43.105.707-G<br\/>Domicilio:<br\/>e-mail: <a href=\"mailto:info@pepjoanjoies.com\">info@pepjoanjoies.com<\/a><\/p><p>En adelante este texto se referir\u00e1 al titular como \u201cPEP JOAN JOIES\u201d.<\/p><p><\/p><p><strong>USUARIOS\/AS<br\/><\/strong><br\/>Las presentes condiciones de uso, regulan el acceso y utilizaci\u00f3n del dominio web a terceros, compuesto de las im\u00e1genes, v\u00eddeos, y en resumen, todo el material audiovisual con opciones de navegaci\u00f3n e interacci\u00f3n y todos sus elementos y contenidos integrados, as\u00ed como aquellos servicios y prestaciones online que se ofrezca por medio del dominio web a los usuarios\/as. <\/p><p>El acceso es libre y gratuito sin contraprestaci\u00f3n, salvo costes de conexi\u00f3n a internet por el propio usuario\/a.<\/p><p>El acceso y\/o uso de este portal propiedad de \u201cPEP JOAN JOIES\u201d atribuye la condici\u00f3n de USUARIO\/A, quien acepta, desde este acceso y\/o uso, las Condiciones Generales de Uso aqu\u00ed reflejadas, as\u00ed como de sus modificaciones posteriores que tendr\u00e1n que respetarse. Las citadas Condiciones ser\u00e1n de aplicaci\u00f3n independientemente de las Condiciones Generales de Contrataci\u00f3n que en su caso resulten de obligado cumplimiento.<\/p><p><\/p><p><strong>USO DEL PORTAL<\/strong><\/p><p>Se proporciona el acceso a multitud y diversidad de informaciones, contenidos, servicios, programas o datos (en adelante, \u00ablos contenidos\u00bb) en Internet pertenecientes a \u201cPEP JOAN JOIES\u201d a los que el USUARIO\/A pueda tener acceso . El USUARIO\/A asume la responsabilidad de realizar un uso correcto del portal web.<\/p><p>Esta responsabilidad se extiende al uso de la informaci\u00f3n, contenidos y servicios ofrecidos por \u201cPEP JOAN JOIES\u201d, en el registro o informaci\u00f3n aportada por el usuario\/a en formularios del dominio web, que fuera necesario para acceder a determinados servicios o contenidos. En este registro o comunicaci\u00f3n de datos el USUARIO\/A ser\u00e1 responsable de aportar informaci\u00f3n veraz y l\u00edcita. A consecuencia de este registro, al USUARIO\/A se le puede proporcionar una contrase\u00f1a de la que ser\u00e1 responsable, comprometi\u00e9ndose a hacer un uso diligente y confidencial de la misma. El USUARIO\/A se compromete a hacer un uso adecuado de los contenidos y servicios (como por ejemplo servicios de chat, blog, foros de discusi\u00f3n o grupos de noticias) que \u201cPEP JOAN JOIES\u201d ofrece a trav\u00e9s de su portal y con car\u00e1cter enunciativo pero no limitativo, a no utilizarlos para (i) incurrir en actividades il\u00edcitas, ilegales o contrarias a la buena fe y al orden p\u00fablico; (ii) difundir contenidos o propaganda de car\u00e1cter racista, xen\u00f3fobo, pornogr\u00e1fico-ilegal, inmoral, de apolog\u00eda del terrorismo o atentatorio contra los derechos humanos; (iii) provocar da\u00f1os en los sistemas f\u00edsicos y l\u00f3gicos de \u201cPEP JOAN JOIES\u201d, de sus proveedores o de terceras personas, introducir o difundir en la red virus inform\u00e1ticos o cualesquiera otros sistemas f\u00edsicos o l\u00f3gicos que sean susceptibles de provocar los da\u00f1os anteriormente mencionados ; (iv) intentar acceder y, en su caso, utilizar las cuentas de correo electr\u00f3nico de otros usuarios\/as y modificar o manipular sus mensajes. \u201cPEP JOAN JOIES\u201d se reserva el derecho de retirar todos aquellos comentarios y aportaciones que vulneren el respeto a la dignidad de la persona, que sean discriminatorios, xen\u00f3fobos, racistas, pornogr\u00e1ficos, que atenten contra la juventud o la infancia, el orden o la seguridad p\u00fablica o que, a su juicio, no respetaran los derechos correspondientes para su publicaci\u00f3n. En cualquier caso, \u201cPEP JOAN JOIES\u201d no ser\u00e1 responsable de las opiniones vertidas ni contenidos aportados por los usuarios\/as a trav\u00e9s de los foros, chats, u otras herramientas de participaci\u00f3n.<\/p><p><\/p><p><strong>USUARIOS\/AS<\/strong> <strong>A LOS QUE SE DIRIGE EL PORTAL<\/strong><\/p><p>El usuario declara ser mayor de edad y tener las capacidades volitivas, cognitivas y jur\u00eddicas suficientes como para vincularse, respetar y ejercer los derechos y obligaciones que ofrecen las presentes condiciones. El portal web no se dirige a menores de edad y se le exime de responsabilidad por este incumplimiento. <\/p><p>El portal web va dirigido a personas residentes de la isla de Mallorca (Espa\u00f1a), por lo que no puede asegurarse de que se cumplan legislaciones de otros pa\u00edses de forma total o parcial. Si el usuario\/a reside en otro sitio, acceder\u00e1 al portal web bajo su responsabilidad y eximiendo de obligaciones, responsabilidades o da\u00f1os en este sentido a \u201cPEP JOAN JOIES\u201d.<\/p><p>No se garantiza asimismo la continuidad, disponibilidad y utilidad del dominio web, ni de sus contenidos o servicios, aun cuando se har\u00e1 todo lo posible para un funcionamiento eficiente.<\/p><p>Tampoco se garantiza que el contenido al que se pueda acceder desde el portal web no contenga errores ni que pueda causar da\u00f1o al sistema inform\u00e1tico del usuario\/a, eximiendo de responsabilidad a \u201cPEP JOAN JOIES\u201d por p\u00e9rdidas, da\u00f1os o perjuicios surgidos por acceso, navegaci\u00f3n o uso del dominio web, incluso da\u00f1os provocados por sistemas inform\u00e1ticos e introducci\u00f3n de virus.<\/p><p><\/p><p><strong>PROPIEDAD INTELECTUAL E INDUSTRIAL<\/strong><\/p><p>\u201cPEP JOAN JOIES\u201d es titular de todos los derechos de propiedad intelectual e industrial de su p\u00e1gina web, as\u00ed como de los elementos contenidos en la misma (a t\u00edtulo enunciativo, im\u00e1genes, sonido, audio, v\u00eddeo, software o textos; marcas o logotipos, combinaciones de colores, estructura y dise\u00f1o, selecci\u00f3n de materiales usados, programas de ordenador necesarios para su funcionamiento, acceso y uso, etc.). Todos los derechos reservados. En virtud de lo dispuesto en los art\u00edculos 8 y 32.1, p\u00e1rrafo segundo, de la Ley de Propiedad Intelectual, quedan expresamente prohibidas la reproducci\u00f3n, distribuci\u00f3n y comunicaci\u00f3n p\u00fablica, incluida su modalidad de puesta a disposici\u00f3n, de la totalidad o parte de los contenidos de esta p\u00e1gina web, con fines comerciales, en cualquier soporte y por cualquier medio t\u00e9cnico, sin la autorizaci\u00f3n de \u201cPEP JOAN JOIES\u201d. El USUARIO\/A se compromete a respetar los derechos de Propiedad Intelectual e Industrial titularidad de PEP JOAN JOIES Podr\u00e1 visualizar los elementos del portal web para su uso personal y privado. El USUARIO\/A deber\u00e1 abstenerse de suprimir, alterar, eludir o manipular cualquier dispositivo de protecci\u00f3n o sistema de seguridad que estuviera instalado en la p\u00e1gina web de \u201cPEP JOAN JOIES\u201d<\/p><p><\/p><p><strong>EXCLUSI\u00d3N DE GARANT\u00cdAS Y RESPONSABILIDAD<\/strong><\/p><p>\u00abPEP JOAN JOIES\u00bb no se hace responsable, en ning\u00fan caso, de los da\u00f1os y perjuicios de cualquier naturaleza que pudieran ocasionar, a t\u00edtulo enunciativo: errores u omisiones en los contenidos, falta de disponibilidad del portal o la transmisi\u00f3n de virus o programas maliciosos o lesivos en los contenidos, a pesar de haber adoptado todas las medidas tecnol\u00f3gicas necesarias para evitarlo.<\/p><p><\/p><p><strong>MODIFICACIONES<\/strong><\/p><p>\u201cPEP JOAN JOIES\u201d se reserva el derecho de efectuar sin previo aviso las modificaciones que considere oportunas en su portal, pudiendo cambiar, suprimir o a\u00f1adir tanto los contenidos y servicios que se presten a trav\u00e9s de la misma como la forma en la que \u00e9stos aparezcan presentados o localizados en su portal.<\/p><p><\/p><p><strong>ENLACES<\/strong><\/p><p>En caso de que en el dominio web se dispusieran enlaces o enlaces hac\u00eda otros sitios de Internet, \u201cPEP JOAN JOIES\u201d no ejercer\u00e1 ning\u00fan tipo de control sobre estos sitios y contenidos. En ning\u00fan caso \u201cPEP JOAN JOIES\u201d asumir\u00e1 responsabilidad alguna por los contenidos de alg\u00fan enlace perteneciente a un sitio web ajeno, ni garantizar\u00e1 la disponibilidad t\u00e9cnica, calidad, fiabilidad, exactitud, amplitud, veracidad, validez y constitucionalidad de cualquier material o informaci\u00f3n contenida en ninguno de estos enlaces u otros sitios de Internet. Igualmente, la inclusi\u00f3n de estas conexiones externas no implicar\u00e1 ning\u00fan tipo de asociaci\u00f3n, fusi\u00f3n o participaci\u00f3n con las entidades conectadas.<\/p><p><\/p><p><strong>DERECHO DE EXCLUSI\u00d3N<\/strong><\/p><p>\u201cPEP JOAN JOIES\u201d se reserva el derecho a denegar o retirar el acceso a portal y\/o los servicios ofrecidos sin necesidad de preaviso, a instancia propia o de un tercero, a aquellos usuarios\/as que incumplan las presentes Condiciones Generales de &#8216;Uso.<\/p><p><\/p><p><strong>GENERALIDADES<\/strong><\/p><p>PEP JOAN JOIES perseguir\u00e1 el incumplimiento de las presentes condiciones as\u00ed como cualquier utilizaci\u00f3n indebida de su portal ejerciendo todas las acciones civiles y penales que le puedan corresponder en derecho.<\/p><p><\/p><p><strong>MODIFICACI\u00d3N DE LAS PRESENTES CONDICIONES Y DURACI\u00d3N<\/strong><\/p><p>\u00abPEP JOAN JOIES\u00bb podr\u00e1 modificar en cualquier momento las condiciones aqu\u00ed determinadas, siendo debidamente publicadas como aqu\u00ed aparecen. La vigencia de las citadas condiciones ir\u00e1 en funci\u00f3n de su exposici\u00f3n y estar\u00e1n vigentes hasta que sean modificadas por otras debidamente publicadas.<\/p><p><\/p><p><strong>LEGISLACI\u00d3N APLICABLE Y JURISDICCI\u00d3N<\/strong><\/p><p>Somos una entidad dedicada a ofrecer servicios en la Isla de Mallorca, por lo que la relaci\u00f3n entre \u201cPEP JOAN JOIES\u201d y el USUARIO\/A se regir\u00e1 por la normativa espa\u00f1ola vigente y cualquier controversia se someter\u00e1 a los Juzgados y tribunales de la ciudad de Palma.<\/p><p>En caso de que un Tribunal competente, determine que determinada condici\u00f3n no es v\u00e1lida, esta disposici\u00f3n ser\u00e1 eliminada o modificada en lo que le afecte por la resoluci\u00f3n judicial correspondiente.<\/p><\/div><!-- .vgblk-rw-wrapper -->","protected":false},"excerpt":{"rendered":"<p>DATOS IDENTIFICATIVOS En cumplimiento con el deber de informaci\u00f3n recogido en art\u00edculo 10 de la Ley 34\/2002, de 11 de julio, de Servicios de la Sociedad de la Informaci\u00f3n y del Comercio Electr\u00f3nico, a continuaci\u00f3n se reflejan los siguientes datos del dominio web: La entidad titular del dominio web es: Titular: Jos\u00e9 Juan Tugores BonninNombre&#8230;<\/p>\n","protected":false},"author":1,"featured_media":0,"parent":0,"menu_order":0,"comment_status":"closed","ping_status":"closed","template":"","meta":{"footnotes":""},"class_list":["post-988999","page","type-page","status-publish","hentry"],"yoast_head":"<!-- This site is optimized with the Yoast SEO plugin v23.5 - https:\/\/yoast.com\/wordpress\/plugins\/seo\/ -->\n<title>Aviso legal - Pep Joan Joies<\/title>\n<meta name=\"robots\" content=\"index, follow, max-snippet:-1, max-image-preview:large, max-video-preview:-1\" \/>\n<link rel=\"canonical\" href=\"https:\/\/www.pepjoanjoies.com\/es\/aviso-legal\/\" \/>\n<meta property=\"og:locale\" content=\"es_ES\" \/>\n<meta property=\"og:type\" content=\"article\" \/>\n<meta property=\"og:title\" content=\"Aviso legal - Pep Joan Joies\" \/>\n<meta property=\"og:description\" content=\"DATOS IDENTIFICATIVOS En cumplimiento con el deber de informaci\u00f3n recogido en art\u00edculo 10 de la Ley 34\/2002, de 11 de julio, de Servicios de la Sociedad de la Informaci\u00f3n y del Comercio Electr\u00f3nico, a continuaci\u00f3n se reflejan los siguientes datos del dominio web: La entidad titular del dominio web es: Titular: Jos\u00e9 Juan Tugores BonninNombre...\" \/>\n<meta property=\"og:url\" content=\"https:\/\/www.pepjoanjoies.com\/es\/aviso-legal\/\" \/>\n<meta property=\"og:site_name\" content=\"Pep Joan Joies\" \/>\n<meta property=\"article:publisher\" content=\"https:\/\/www.facebook.com\/pepjoanjoies\/\" \/>\n<meta property=\"article:modified_time\" content=\"2024-02-07T13:12:51+00:00\" \/>\n<meta name=\"twitter:card\" content=\"summary_large_image\" \/>\n<meta name=\"twitter:label1\" content=\"Tiempo de lectura\" \/>\n\t<meta name=\"twitter:data1\" content=\"8 minutos\" \/>\n<script type=\"application\/ld+json\" class=\"yoast-schema-graph\">{\"@context\":\"https:\/\/schema.org\",\"@graph\":[{\"@type\":\"WebPage\",\"@id\":\"https:\/\/www.pepjoanjoies.com\/es\/aviso-legal\/\",\"url\":\"https:\/\/www.pepjoanjoies.com\/es\/aviso-legal\/\",\"name\":\"Aviso legal - Pep Joan Joies\",\"isPartOf\":{\"@id\":\"https:\/\/www.pepjoanjoies.com\/es\/#website\"},\"datePublished\":\"2023-12-28T15:04:37+00:00\",\"dateModified\":\"2024-02-07T13:12:51+00:00\",\"breadcrumb\":{\"@id\":\"https:\/\/www.pepjoanjoies.com\/es\/aviso-legal\/#breadcrumb\"},\"inLanguage\":\"es\",\"potentialAction\":[{\"@type\":\"ReadAction\",\"target\":[\"https:\/\/www.pepjoanjoies.com\/es\/aviso-legal\/\"]}]},{\"@type\":\"BreadcrumbList\",\"@id\":\"https:\/\/www.pepjoanjoies.com\/es\/aviso-legal\/#breadcrumb\",\"itemListElement\":[{\"@type\":\"ListItem\",\"position\":1,\"name\":\"Inici\",\"item\":\"https:\/\/www.pepjoanjoies.com\/es\/\"},{\"@type\":\"ListItem\",\"position\":2,\"name\":\"Aviso legal\"}]},{\"@type\":\"WebSite\",\"@id\":\"https:\/\/www.pepjoanjoies.com\/es\/#website\",\"url\":\"https:\/\/www.pepjoanjoies.com\/es\/\",\"name\":\"Pep Joan Joies\",\"description\":\"Joies artesanals\",\"publisher\":{\"@id\":\"https:\/\/www.pepjoanjoies.com\/es\/#organization\"},\"potentialAction\":[{\"@type\":\"SearchAction\",\"target\":{\"@type\":\"EntryPoint\",\"urlTemplate\":\"https:\/\/www.pepjoanjoies.com\/es\/?s={search_term_string}\"},\"query-input\":{\"@type\":\"PropertyValueSpecification\",\"valueRequired\":true,\"valueName\":\"search_term_string\"}}],\"inLanguage\":\"es\"},{\"@type\":\"Organization\",\"@id\":\"https:\/\/www.pepjoanjoies.com\/es\/#organization\",\"name\":\"Pep Joan Joies\",\"url\":\"https:\/\/www.pepjoanjoies.com\/es\/\",\"logo\":{\"@type\":\"ImageObject\",\"inLanguage\":\"es\",\"@id\":\"https:\/\/www.pepjoanjoies.com\/es\/#\/schema\/logo\/image\/\",\"url\":\"https:\/\/www.pepjoanjoies.com\/wp-content\/uploads\/2020\/02\/logotip_pj_joies-1__1___1_-removebg-preview.png\",\"contentUrl\":\"https:\/\/www.pepjoanjoies.com\/wp-content\/uploads\/2020\/02\/logotip_pj_joies-1__1___1_-removebg-preview.png\",\"width\":960,\"height\":246,\"caption\":\"Pep Joan Joies\"},\"image\":{\"@id\":\"https:\/\/www.pepjoanjoies.com\/es\/#\/schema\/logo\/image\/\"},\"sameAs\":[\"https:\/\/www.facebook.com\/pepjoanjoies\/\",\"https:\/\/www.instagram.com\/pepjoanjoies\/\"]}]}<\/script>\n<!-- \/ Yoast SEO plugin. -->","yoast_head_json":{"title":"Aviso legal - Pep Joan Joies","robots":{"index":"index","follow":"follow","max-snippet":"max-snippet:-1","max-image-preview":"max-image-preview:large","max-video-preview":"max-video-preview:-1"},"canonical":"https:\/\/www.pepjoanjoies.com\/es\/aviso-legal\/","og_locale":"es_ES","og_type":"article","og_title":"Aviso legal - Pep Joan Joies","og_description":"DATOS IDENTIFICATIVOS En cumplimiento con el deber de informaci\u00f3n recogido en art\u00edculo 10 de la Ley 34\/2002, de 11 de julio, de Servicios de la Sociedad de la Informaci\u00f3n y del Comercio Electr\u00f3nico, a continuaci\u00f3n se reflejan los siguientes datos del dominio web: La entidad titular del dominio web es: Titular: Jos\u00e9 Juan Tugores BonninNombre...","og_url":"https:\/\/www.pepjoanjoies.com\/es\/aviso-legal\/","og_site_name":"Pep Joan Joies","article_publisher":"https:\/\/www.facebook.com\/pepjoanjoies\/","article_modified_time":"2024-02-07T13:12:51+00:00","twitter_card":"summary_large_image","twitter_misc":{"Tiempo de lectura":"8 minutos"},"schema":{"@context":"https:\/\/schema.org","@graph":[{"@type":"WebPage","@id":"https:\/\/www.pepjoanjoies.com\/es\/aviso-legal\/","url":"https:\/\/www.pepjoanjoies.com\/es\/aviso-legal\/","name":"Aviso legal - Pep Joan Joies","isPartOf":{"@id":"https:\/\/www.pepjoanjoies.com\/es\/#website"},"datePublished":"2023-12-28T15:04:37+00:00","dateModified":"2024-02-07T13:12:51+00:00","breadcrumb":{"@id":"https:\/\/www.pepjoanjoies.com\/es\/aviso-legal\/#breadcrumb"},"inLanguage":"es","potentialAction":[{"@type":"ReadAction","target":["https:\/\/www.pepjoanjoies.com\/es\/aviso-legal\/"]}]},{"@type":"BreadcrumbList","@id":"https:\/\/www.pepjoanjoies.com\/es\/aviso-legal\/#breadcrumb","itemListElement":[{"@type":"ListItem","position":1,"name":"Inici","item":"https:\/\/www.pepjoanjoies.com\/es\/"},{"@type":"ListItem","position":2,"name":"Aviso legal"}]},{"@type":"WebSite","@id":"https:\/\/www.pepjoanjoies.com\/es\/#website","url":"https:\/\/www.pepjoanjoies.com\/es\/","name":"Pep Joan Joies","description":"Joies artesanals","publisher":{"@id":"https:\/\/www.pepjoanjoies.com\/es\/#organization"},"potentialAction":[{"@type":"SearchAction","target":{"@type":"EntryPoint","urlTemplate":"https:\/\/www.pepjoanjoies.com\/es\/?s={search_term_string}"},"query-input":{"@type":"PropertyValueSpecification","valueRequired":true,"valueName":"search_term_string"}}],"inLanguage":"es"},{"@type":"Organization","@id":"https:\/\/www.pepjoanjoies.com\/es\/#organization","name":"Pep Joan Joies","url":"https:\/\/www.pepjoanjoies.com\/es\/","logo":{"@type":"ImageObject","inLanguage":"es","@id":"https:\/\/www.pepjoanjoies.com\/es\/#\/schema\/logo\/image\/","url":"https:\/\/www.pepjoanjoies.com\/wp-content\/uploads\/2020\/02\/logotip_pj_joies-1__1___1_-removebg-preview.png","contentUrl":"https:\/\/www.pepjoanjoies.com\/wp-content\/uploads\/2020\/02\/logotip_pj_joies-1__1___1_-removebg-preview.png","width":960,"height":246,"caption":"Pep Joan Joies"},"image":{"@id":"https:\/\/www.pepjoanjoies.com\/es\/#\/schema\/logo\/image\/"},"sameAs":["https:\/\/www.facebook.com\/pepjoanjoies\/","https:\/\/www.instagram.com\/pepjoanjoies\/"]}]}},"_links":{"self":[{"href":"https:\/\/www.pepjoanjoies.com\/es\/wp-json\/wp\/v2\/pages\/988999","targetHints":{"allow":["GET"]}}],"collection":[{"href":"https:\/\/www.pepjoanjoies.com\/es\/wp-json\/wp\/v2\/pages"}],"about":[{"href":"https:\/\/www.pepjoanjoies.com\/es\/wp-json\/wp\/v2\/types\/page"}],"author":[{"embeddable":true,"href":"https:\/\/www.pepjoanjoies.com\/es\/wp-json\/wp\/v2\/users\/1"}],"replies":[{"embeddable":true,"href":"https:\/\/www.pepjoanjoies.com\/es\/wp-json\/wp\/v2\/comments?post=988999"}],"version-history":[{"count":1,"href":"https:\/\/www.pepjoanjoies.com\/es\/wp-json\/wp\/v2\/pages\/988999\/revisions"}],"predecessor-version":[{"id":989000,"href":"https:\/\/www.pepjoanjoies.com\/es\/wp-json\/wp\/v2\/pages\/988999\/revisions\/989000"}],"wp:attachment":[{"href":"https:\/\/www.pepjoanjoies.com\/es\/wp-json\/wp\/v2\/media?parent=988999"}],"curies":[{"name":"wp","href":"https:\/\/api.w.org\/{rel}","templated":true}]}}