{"id":988995,"date":"2023-12-28T11:27:18","date_gmt":"2023-12-28T10:27:18","guid":{"rendered":"https:\/\/www.pepjoanjoies.com\/tienda\/piezas-unicas\/"},"modified":"2024-03-12T15:54:41","modified_gmt":"2024-03-12T14:54:41","slug":"piezas-unicas","status":"publish","type":"page","link":"https:\/\/www.pepjoanjoies.com\/es\/tienda\/piezas-unicas\/","title":{"rendered":"Piezas \u00fanicas"},"content":{"rendered":"\t\t<div data-elementor-type=\"wp-page\" data-elementor-id=\"988995\" class=\"elementor elementor-988995 elementor-988670\" data-elementor-post-type=\"page\">\n\t\t\t\t<div class=\"elementor-element elementor-element-6b9153c e-flex e-con-boxed e-con e-parent\" data-id=\"6b9153c\" data-element_type=\"container\">\n\t\t\t\t\t<div class=\"e-con-inner\">\n\t\t\t\t<div class=\"elementor-element elementor-element-40b50ed elementor-widget elementor-widget-spacer\" data-id=\"40b50ed\" data-element_type=\"widget\" data-widget_type=\"spacer.default\">\n\t\t\t\t<div class=\"elementor-widget-container\">\n\t\t\t\t\t<div class=\"elementor-spacer\">\n\t\t\t<div class=\"elementor-spacer-inner\"><\/div>\n\t\t<\/div>\n\t\t\t\t<\/div>\n\t\t\t\t<\/div>\n\t\t\t\t\t<\/div>\n\t\t\t\t<\/div>\n\t\t\t\t<section class=\"elementor-section elementor-top-section elementor-element elementor-element-49dc51ff elementor-section-full_width elementor-section-content-middle elementor-section-height-default elementor-section-height-default\" data-id=\"49dc51ff\" data-element_type=\"section\">\n\t\t\t\t\t\t<div class=\"elementor-container elementor-column-gap-default\">\n\t\t\t\t\t<div class=\"elementor-column elementor-col-50 elementor-top-column elementor-element elementor-element-499dfff4\" data-id=\"499dfff4\" data-element_type=\"column\" data-settings=\"{&quot;background_background&quot;:&quot;classic&quot;}\">\n\t\t\t<div class=\"elementor-widget-wrap elementor-element-populated\">\n\t\t\t\t\t\t<div class=\"elementor-element elementor-element-fd671e3 elementor-arrows-position-inside elementor-pagination-position-outside elementor-widget elementor-widget-image-carousel\" data-id=\"fd671e3\" data-element_type=\"widget\" data-settings=\"{&quot;slides_to_show&quot;:&quot;1&quot;,&quot;navigation&quot;:&quot;both&quot;,&quot;autoplay&quot;:&quot;yes&quot;,&quot;pause_on_hover&quot;:&quot;yes&quot;,&quot;pause_on_interaction&quot;:&quot;yes&quot;,&quot;autoplay_speed&quot;:5000,&quot;infinite&quot;:&quot;yes&quot;,&quot;effect&quot;:&quot;slide&quot;,&quot;speed&quot;:500}\" data-widget_type=\"image-carousel.default\">\n\t\t\t\t<div class=\"elementor-widget-container\">\n\t\t\t\t\t<div class=\"elementor-image-carousel-wrapper swiper\" dir=\"ltr\">\n\t\t\t<div class=\"elementor-image-carousel swiper-wrapper\" aria-live=\"off\">\n\t\t\t\t\t\t\t\t<div class=\"swiper-slide\" role=\"group\" aria-roledescription=\"slide\" aria-label=\"1 de 5\"><figure class=\"swiper-slide-inner\"><img decoding=\"async\" loading=\"lazy\" class=\"swiper-slide-image\" src=\"https:\/\/www.pepjoanjoies.com\/wp-content\/uploads\/elementor\/thumbs\/image_6483441-2-1-1-qi5cz6k64ttlvanifa500wc1wfmdbn0hksy5lurwn4.jpg\" alt=\"image_6483441 (2) (1) (1)\" \/><\/figure><\/div><div class=\"swiper-slide\" role=\"group\" aria-roledescription=\"slide\" aria-label=\"2 de 5\"><figure class=\"swiper-slide-inner\"><img decoding=\"async\" loading=\"lazy\" class=\"swiper-slide-image\" src=\"https:\/\/www.pepjoanjoies.com\/wp-content\/uploads\/elementor\/thumbs\/image_67143937-2-1-e1703761282125-qi5czd51go2m4kdycuze0coa24pxtiqlxpijysi5fk.jpg\" alt=\"image_67143937 (2) (1)\" \/><\/figure><\/div><div class=\"swiper-slide\" role=\"group\" aria-roledescription=\"slide\" aria-label=\"3 de 5\"><figure class=\"swiper-slide-inner\"><img decoding=\"async\" loading=\"lazy\" class=\"swiper-slide-image\" src=\"https:\/\/www.pepjoanjoies.com\/wp-content\/uploads\/elementor\/thumbs\/image_67202561-1-1-e1703761264699-qi5czf0puc56rsb81vsn5c778wgo8wy2lytixcfd34.jpg\" alt=\"image_67202561 (1) (1)\" \/><\/figure><\/div><div class=\"swiper-slide\" role=\"group\" aria-roledescription=\"slide\" aria-label=\"4 de 5\"><figure class=\"swiper-slide-inner\"><img decoding=\"async\" loading=\"lazy\" class=\"swiper-slide-image\" src=\"https:\/\/www.pepjoanjoies.com\/wp-content\/uploads\/elementor\/thumbs\/image_67143937-1-1-1-e1703761301302-qi5cz9dopbxgu4jeytcvqdmfol8gyqbol6wm1onq4g.jpg\" alt=\"image_67143937 (1) (1) (1)\" \/><\/figure><\/div><div class=\"swiper-slide\" role=\"group\" aria-roledescription=\"slide\" aria-label=\"5 de 5\"><figure class=\"swiper-slide-inner\"><img decoding=\"async\" loading=\"lazy\" class=\"swiper-slide-image\" src=\"https:\/\/www.pepjoanjoies.com\/wp-content\/uploads\/elementor\/thumbs\/image_6483441-1-1-qi5cz3qnkbpqwgrlvqx4bf1o4a09ojpakezp60w35s.jpg\" alt=\"image_6483441 (1) (1)\" \/><\/figure><\/div>\t\t\t<\/div>\n\t\t\t\t\t\t\t\t\t\t\t\t<div class=\"elementor-swiper-button elementor-swiper-button-prev\" role=\"button\" tabindex=\"0\">\n\t\t\t\t\t\t<i aria-hidden=\"true\" class=\"eicon-chevron-left\"><\/i>\t\t\t\t\t<\/div>\n\t\t\t\t\t<div class=\"elementor-swiper-button elementor-swiper-button-next\" role=\"button\" tabindex=\"0\">\n\t\t\t\t\t\t<i aria-hidden=\"true\" class=\"eicon-chevron-right\"><\/i>\t\t\t\t\t<\/div>\n\t\t\t\t\n\t\t\t\t\t\t\t\t\t<div class=\"swiper-pagination\"><\/div>\n\t\t\t\t\t\t\t\t\t<\/div>\n\t\t\t\t<\/div>\n\t\t\t\t<\/div>\n\t\t\t\t\t<\/div>\n\t\t<\/div>\n\t\t\t\t<div class=\"elementor-column elementor-col-50 elementor-top-column elementor-element elementor-element-286ee85f elementor-invisible\" data-id=\"286ee85f\" data-element_type=\"column\" data-settings=\"{&quot;animation&quot;:&quot;fadeIn&quot;}\">\n\t\t\t<div class=\"elementor-widget-wrap elementor-element-populated\">\n\t\t\t\t\t\t<div class=\"elementor-element elementor-element-dbcb247 animated-slow elementor-invisible elementor-widget elementor-widget-heading\" data-id=\"dbcb247\" data-element_type=\"widget\" data-settings=\"{&quot;_animation&quot;:&quot;fadeIn&quot;}\" data-widget_type=\"heading.default\">\n\t\t\t\t<div class=\"elementor-widget-container\">\n\t\t\t<h1 class=\"elementor-heading-title elementor-size-default\">Piezas<br>\u00fanicas<\/h1>\t\t<\/div>\n\t\t\t\t<\/div>\n\t\t\t\t<div class=\"elementor-element elementor-element-1850b268 elementor-widget elementor-widget-heading\" data-id=\"1850b268\" data-element_type=\"widget\" data-widget_type=\"heading.default\">\n\t\t\t\t<div class=\"elementor-widget-container\">\n\t\t\t<h4 class=\"elementor-heading-title elementor-size-default\">La continua investigaci\u00f3n, la experimentaci\u00f3n, las pruebas, las conversaciones con los clientes, A menudo acabamos sucediendo como piezas \u00fanicas.<\/h4>\t\t<\/div>\n\t\t\t\t<\/div>\n\t\t\t\t\t<\/div>\n\t\t<\/div>\n\t\t\t\t\t<\/div>\n\t\t<\/section>\n\t\t<div class=\"elementor-element elementor-element-b319db3 e-flex e-con-boxed e-con e-parent\" data-id=\"b319db3\" data-element_type=\"container\">\n\t\t\t\t\t<div class=\"e-con-inner\">\n\t\t\t\t<div class=\"elementor-element elementor-element-7e87742 elementor-widget elementor-widget-spacer\" data-id=\"7e87742\" data-element_type=\"widget\" data-widget_type=\"spacer.default\">\n\t\t\t\t<div class=\"elementor-widget-container\">\n\t\t\t\t\t<div class=\"elementor-spacer\">\n\t\t\t<div class=\"elementor-spacer-inner\"><\/div>\n\t\t<\/div>\n\t\t\t\t<\/div>\n\t\t\t\t<\/div>\n\t\t\t\t\t<\/div>\n\t\t\t\t<\/div>\n\t\t\t\t<section class=\"elementor-section elementor-top-section elementor-element elementor-element-47fc053a elementor-section-height-min-height elementor-section-items-stretch elementor-section-content-middle elementor-section-boxed elementor-section-height-default\" data-id=\"47fc053a\" data-element_type=\"section\">\n\t\t\t\t\t\t<div class=\"elementor-container elementor-column-gap-default\">\n\t\t\t\t\t<div class=\"elementor-column elementor-col-50 elementor-top-column elementor-element elementor-element-1cff7188\" data-id=\"1cff7188\" data-element_type=\"column\">\n\t\t\t<div class=\"elementor-widget-wrap elementor-element-populated\">\n\t\t\t\t\t\t<div class=\"elementor-element elementor-element-66443fc2 elementor-widget elementor-widget-heading\" data-id=\"66443fc2\" data-element_type=\"widget\" data-widget_type=\"heading.default\">\n\t\t\t\t<div class=\"elementor-widget-container\">\n\t\t\t<h1 class=\"elementor-heading-title elementor-size-default\">Pide tu joya a medida<\/h1>\t\t<\/div>\n\t\t\t\t<\/div>\n\t\t\t\t<div class=\"elementor-element elementor-element-5506a144 elementor-widget elementor-widget-text-editor\" data-id=\"5506a144\" data-element_type=\"widget\" data-widget_type=\"text-editor.default\">\n\t\t\t\t<div class=\"elementor-widget-container\">\n\t\t\t\t\t\t\t<a href=\"Carrer%20d%E2%80%99en%20Corr%C3%B3%205%2007300%20Inca%20Illes%20Balears\">Carrer d\u2019en Corr\u00f3 5\n07300 Inca\nIslas Baleares<\/a>\t\t\t\t\t\t<\/div>\n\t\t\t\t<\/div>\n\t\t\t\t<div class=\"elementor-element elementor-element-51202fa5 elementor-align-left elementor-icon-list--layout-traditional elementor-list-item-link-full_width elementor-widget elementor-widget-icon-list\" data-id=\"51202fa5\" data-element_type=\"widget\" data-widget_type=\"icon-list.default\">\n\t\t\t\t<div class=\"elementor-widget-container\">\n\t\t\t\t\t<ul class=\"elementor-icon-list-items\">\n\t\t\t\t\t\t\t<li class=\"elementor-icon-list-item\">\n\t\t\t\t\t\t\t\t\t\t\t<a href=\"tel:971%20093%20839\">\n\n\t\t\t\t\t\t\t\t\t\t\t\t<span class=\"elementor-icon-list-icon\">\n\t\t\t\t\t\t\t<i aria-hidden=\"true\" class=\"fas fa-phone\"><\/i>\t\t\t\t\t\t<\/span>\n\t\t\t\t\t\t\t\t\t\t<span class=\"elementor-icon-list-text\">971 093 839<\/span>\n\t\t\t\t\t\t\t\t\t\t\t<\/a>\n\t\t\t\t\t\t\t\t\t<\/li>\n\t\t\t\t\t\t\t\t<li class=\"elementor-icon-list-item\">\n\t\t\t\t\t\t\t\t\t\t\t<a href=\"tel:678%20413%20187\">\n\n\t\t\t\t\t\t\t\t\t\t\t\t<span class=\"elementor-icon-list-icon\">\n\t\t\t\t\t\t\t<i aria-hidden=\"true\" class=\"fas fa-mobile-alt\"><\/i>\t\t\t\t\t\t<\/span>\n\t\t\t\t\t\t\t\t\t\t<span class=\"elementor-icon-list-text\">678 413 187<\/span>\n\t\t\t\t\t\t\t\t\t\t\t<\/a>\n\t\t\t\t\t\t\t\t\t<\/li>\n\t\t\t\t\t\t\t\t<li class=\"elementor-icon-list-item\">\n\t\t\t\t\t\t\t\t\t\t\t<a href=\"mailto:info@pepjoanjoies.com\">\n\n\t\t\t\t\t\t\t\t\t\t\t\t<span class=\"elementor-icon-list-icon\">\n\t\t\t\t\t\t\t<i aria-hidden=\"true\" class=\"far fa-envelope\"><\/i>\t\t\t\t\t\t<\/span>\n\t\t\t\t\t\t\t\t\t\t<span class=\"elementor-icon-list-text\">info@pepjoanjoies.com<\/span>\n\t\t\t\t\t\t\t\t\t\t\t<\/a>\n\t\t\t\t\t\t\t\t\t<\/li>\n\t\t\t\t\t\t<\/ul>\n\t\t\t\t<\/div>\n\t\t\t\t<\/div>\n\t\t\t\t\t<\/div>\n\t\t<\/div>\n\t\t\t\t<div class=\"elementor-column elementor-col-50 elementor-top-column elementor-element elementor-element-9bc78e9 elementor-invisible\" data-id=\"9bc78e9\" data-element_type=\"column\" data-settings=\"{&quot;animation&quot;:&quot;fadeIn&quot;}\">\n\t\t\t<div class=\"elementor-widget-wrap elementor-element-populated\">\n\t\t\t\t\t\t<div class=\"elementor-element elementor-element-2078a050 elementor-button-align-start elementor-invisible elementor-widget elementor-widget-form\" data-id=\"2078a050\" data-element_type=\"widget\" data-settings=\"{&quot;step_next_label&quot;:&quot;Next&quot;,&quot;step_previous_label&quot;:&quot;Previous&quot;,&quot;_animation&quot;:&quot;fadeIn&quot;,&quot;_animation_delay&quot;:350,&quot;button_width&quot;:&quot;100&quot;,&quot;step_type&quot;:&quot;number_text&quot;,&quot;step_icon_shape&quot;:&quot;circle&quot;}\" data-widget_type=\"form.default\">\n\t\t\t\t<div class=\"elementor-widget-container\">\n\t\t\t\t\t<form class=\"elementor-form\" method=\"post\" name=\"New Form\" novalidate=\"\">\n\t\t\t<input type=\"hidden\" name=\"post_id\" value=\"988995\"\/>\n\t\t\t<input type=\"hidden\" name=\"form_id\" value=\"2078a050\"\/>\n\t\t\t<input type=\"hidden\" name=\"referer_title\" value=\"Pep Joan Joies\" \/>\n\n\t\t\t\n\t\t\t<div class=\"elementor-form-fields-wrapper elementor-labels-above\">\n\t\t\t\t\t\t\t\t<div class=\"elementor-field-type-text elementor-field-group elementor-column elementor-field-group-name elementor-col-100 elementor-field-required\">\n\t\t\t\t\t\t\t\t\t\t\t\t<label for=\"form-field-name\" class=\"elementor-field-label\">\n\t\t\t\t\t\t\t\tNombre*\t\t\t\t\t\t\t<\/label>\n\t\t\t\t\t\t\t\t\t\t\t\t\t\t<input size=\"1\" type=\"text\" name=\"form_fields[name]\" id=\"form-field-name\" class=\"elementor-field elementor-size-sm  elementor-field-textual\" placeholder=\"Escribe tu nombre\" required=\"required\" aria-required=\"true\">\n\t\t\t\t\t\t\t\t\t\t\t<\/div>\n\t\t\t\t\t\t\t\t<div class=\"elementor-field-type-email elementor-field-group elementor-column elementor-field-group-email elementor-col-100 elementor-field-required\">\n\t\t\t\t\t\t\t\t\t\t\t\t<label for=\"form-field-email\" class=\"elementor-field-label\">\n\t\t\t\t\t\t\t\tCorreo electr\u00f3nico*\t\t\t\t\t\t\t<\/label>\n\t\t\t\t\t\t\t\t\t\t\t\t\t\t<input size=\"1\" type=\"email\" name=\"form_fields[email]\" id=\"form-field-email\" class=\"elementor-field elementor-size-sm  elementor-field-textual\" placeholder=\"Escribe tu correo electr\u00f3nico\" required=\"required\" aria-required=\"true\">\n\t\t\t\t\t\t\t\t\t\t\t<\/div>\n\t\t\t\t\t\t\t\t<div class=\"elementor-field-type-textarea elementor-field-group elementor-column elementor-field-group-message elementor-col-100\">\n\t\t\t\t\t\t\t\t\t\t\t\t<label for=\"form-field-message\" class=\"elementor-field-label\">\n\t\t\t\t\t\t\t\tMensaje\t\t\t\t\t\t\t<\/label>\n\t\t\t\t\t\t<textarea class=\"elementor-field-textual elementor-field  elementor-size-sm\" name=\"form_fields[message]\" id=\"form-field-message\" rows=\"4\" placeholder=\"Escribe tu mensaje\"><\/textarea>\t\t\t\t<\/div>\n\t\t\t\t\t\t\t\t<div class=\"elementor-field-group elementor-column elementor-field-type-submit elementor-col-100 e-form__buttons\">\n\t\t\t\t\t<button type=\"submit\" class=\"elementor-button elementor-size-sm elementor-animation-prefix-grow\">\n\t\t\t\t\t\t<span >\n\t\t\t\t\t\t\t\t\t\t\t\t\t\t\t<span class=\" elementor-button-icon\">\n\t\t\t\t\t\t\t\t\t\t\t\t\t\t\t\t\t\t\t\t\t\t\t\t\t\t<\/span>\n\t\t\t\t\t\t\t\t\t\t\t\t\t\t\t\t\t\t\t\t\t\t<span class=\"elementor-button-text\">enviar mensaje<\/span>\n\t\t\t\t\t\t\t\t\t\t\t\t\t<\/span>\n\t\t\t\t\t<\/button>\n\t\t\t\t<\/div>\n\t\t\t<\/div>\n\t\t<\/form>\n\t\t\t\t<\/div>\n\t\t\t\t<\/div>\n\t\t\t\t\t<\/div>\n\t\t<\/div>\n\t\t\t\t\t<\/div>\n\t\t<\/section>\n\t\t\t\t<\/div>\n\t\t","protected":false},"excerpt":{"rendered":"<p>Piezas\u00fanicas La continua investigaci\u00f3n, la experimentaci\u00f3n, las pruebas, las conversaciones con los clientes, A menudo acabamos sucediendo como piezas \u00fanicas. Pide tu joya a medida Carrer d\u2019en Corr\u00f3 5 07300 Inca Islas Baleares 971 093 839 678 413 187 info@pepjoanjoies.com<\/p>\n","protected":false},"author":1,"featured_media":0,"parent":987676,"menu_order":0,"comment_status":"closed","ping_status":"closed","template":"","meta":{"footnotes":""},"class_list":["post-988995","page","type-page","status-publish","hentry"],"yoast_head":"<!-- This site is optimized with the Yoast SEO plugin v23.5 - https:\/\/yoast.com\/wordpress\/plugins\/seo\/ -->\n<title>Piezas \u00fanicas - Pep Joan Joies<\/title>\n<meta name=\"robots\" content=\"index, follow, max-snippet:-1, max-image-preview:large, max-video-preview:-1\" \/>\n<link rel=\"canonical\" href=\"https:\/\/www.pepjoanjoies.com\/es\/tienda\/piezas-unicas\/\" \/>\n<meta property=\"og:locale\" content=\"es_ES\" \/>\n<meta property=\"og:type\" content=\"article\" \/>\n<meta property=\"og:title\" content=\"Piezas \u00fanicas - Pep Joan Joies\" \/>\n<meta property=\"og:description\" content=\"Piezas\u00fanicas La continua investigaci\u00f3n, la experimentaci\u00f3n, las pruebas, las conversaciones con los clientes, A menudo acabamos sucediendo como piezas \u00fanicas. Pide tu joya a medida Carrer d\u2019en Corr\u00f3 5 07300 Inca Islas Baleares 971 093 839 678 413 187 info@pepjoanjoies.com\" \/>\n<meta property=\"og:url\" content=\"https:\/\/www.pepjoanjoies.com\/es\/tienda\/piezas-unicas\/\" \/>\n<meta property=\"og:site_name\" content=\"Pep Joan Joies\" \/>\n<meta property=\"article:publisher\" content=\"https:\/\/www.facebook.com\/pepjoanjoies\/\" \/>\n<meta property=\"article:modified_time\" content=\"2024-03-12T14:54:41+00:00\" \/>\n<meta property=\"og:image\" content=\"https:\/\/www.pepjoanjoies.com\/wp-content\/uploads\/elementor\/thumbs\/image_6483441-2-1-1-qi5cz6k64ttlvanifa500wc1wfmdbn0hksy5lurwn4.jpg\" \/>\n<meta name=\"twitter:card\" content=\"summary_large_image\" \/>\n<script type=\"application\/ld+json\" class=\"yoast-schema-graph\">{\"@context\":\"https:\/\/schema.org\",\"@graph\":[{\"@type\":\"WebPage\",\"@id\":\"https:\/\/www.pepjoanjoies.com\/es\/tienda\/piezas-unicas\/\",\"url\":\"https:\/\/www.pepjoanjoies.com\/es\/tienda\/piezas-unicas\/\",\"name\":\"Piezas \u00fanicas - Pep Joan Joies\",\"isPartOf\":{\"@id\":\"https:\/\/www.pepjoanjoies.com\/es\/#website\"},\"primaryImageOfPage\":{\"@id\":\"https:\/\/www.pepjoanjoies.com\/es\/tienda\/piezas-unicas\/#primaryimage\"},\"image\":{\"@id\":\"https:\/\/www.pepjoanjoies.com\/es\/tienda\/piezas-unicas\/#primaryimage\"},\"thumbnailUrl\":\"https:\/\/www.pepjoanjoies.com\/wp-content\/uploads\/elementor\/thumbs\/image_6483441-2-1-1-qi5cz6k64ttlvanifa500wc1wfmdbn0hksy5lurwn4.jpg\",\"datePublished\":\"2023-12-28T10:27:18+00:00\",\"dateModified\":\"2024-03-12T14:54:41+00:00\",\"breadcrumb\":{\"@id\":\"https:\/\/www.pepjoanjoies.com\/es\/tienda\/piezas-unicas\/#breadcrumb\"},\"inLanguage\":\"es\",\"potentialAction\":[{\"@type\":\"ReadAction\",\"target\":[\"https:\/\/www.pepjoanjoies.com\/es\/tienda\/piezas-unicas\/\"]}]},{\"@type\":\"ImageObject\",\"inLanguage\":\"es\",\"@id\":\"https:\/\/www.pepjoanjoies.com\/es\/tienda\/piezas-unicas\/#primaryimage\",\"url\":\"https:\/\/www.pepjoanjoies.com\/wp-content\/uploads\/elementor\/thumbs\/image_6483441-2-1-1-qi5cz6k64ttlvanifa500wc1wfmdbn0hksy5lurwn4.jpg\",\"contentUrl\":\"https:\/\/www.pepjoanjoies.com\/wp-content\/uploads\/elementor\/thumbs\/image_6483441-2-1-1-qi5cz6k64ttlvanifa500wc1wfmdbn0hksy5lurwn4.jpg\"},{\"@type\":\"BreadcrumbList\",\"@id\":\"https:\/\/www.pepjoanjoies.com\/es\/tienda\/piezas-unicas\/#breadcrumb\",\"itemListElement\":[{\"@type\":\"ListItem\",\"position\":1,\"name\":\"Inici\",\"item\":\"https:\/\/www.pepjoanjoies.com\/es\/\"},{\"@type\":\"ListItem\",\"position\":2,\"name\":\"Cat\u00e1logos\",\"item\":\"https:\/\/www.pepjoanjoies.com\/es\/tienda\/\"},{\"@type\":\"ListItem\",\"position\":3,\"name\":\"Piezas \u00fanicas\"}]},{\"@type\":\"WebSite\",\"@id\":\"https:\/\/www.pepjoanjoies.com\/es\/#website\",\"url\":\"https:\/\/www.pepjoanjoies.com\/es\/\",\"name\":\"Pep Joan Joies\",\"description\":\"Joies artesanals\",\"publisher\":{\"@id\":\"https:\/\/www.pepjoanjoies.com\/es\/#organization\"},\"potentialAction\":[{\"@type\":\"SearchAction\",\"target\":{\"@type\":\"EntryPoint\",\"urlTemplate\":\"https:\/\/www.pepjoanjoies.com\/es\/?s={search_term_string}\"},\"query-input\":{\"@type\":\"PropertyValueSpecification\",\"valueRequired\":true,\"valueName\":\"search_term_string\"}}],\"inLanguage\":\"es\"},{\"@type\":\"Organization\",\"@id\":\"https:\/\/www.pepjoanjoies.com\/es\/#organization\",\"name\":\"Pep Joan Joies\",\"url\":\"https:\/\/www.pepjoanjoies.com\/es\/\",\"logo\":{\"@type\":\"ImageObject\",\"inLanguage\":\"es\",\"@id\":\"https:\/\/www.pepjoanjoies.com\/es\/#\/schema\/logo\/image\/\",\"url\":\"https:\/\/www.pepjoanjoies.com\/wp-content\/uploads\/2020\/02\/logotip_pj_joies-1__1___1_-removebg-preview.png\",\"contentUrl\":\"https:\/\/www.pepjoanjoies.com\/wp-content\/uploads\/2020\/02\/logotip_pj_joies-1__1___1_-removebg-preview.png\",\"width\":960,\"height\":246,\"caption\":\"Pep Joan Joies\"},\"image\":{\"@id\":\"https:\/\/www.pepjoanjoies.com\/es\/#\/schema\/logo\/image\/\"},\"sameAs\":[\"https:\/\/www.facebook.com\/pepjoanjoies\/\",\"https:\/\/www.instagram.com\/pepjoanjoies\/\"]}]}<\/script>\n<!-- \/ Yoast SEO plugin. -->","yoast_head_json":{"title":"Piezas \u00fanicas - Pep Joan Joies","robots":{"index":"index","follow":"follow","max-snippet":"max-snippet:-1","max-image-preview":"max-image-preview:large","max-video-preview":"max-video-preview:-1"},"canonical":"https:\/\/www.pepjoanjoies.com\/es\/tienda\/piezas-unicas\/","og_locale":"es_ES","og_type":"article","og_title":"Piezas \u00fanicas - Pep Joan Joies","og_description":"Piezas\u00fanicas La continua investigaci\u00f3n, la experimentaci\u00f3n, las pruebas, las conversaciones con los clientes, A menudo acabamos sucediendo como piezas \u00fanicas. Pide tu joya a medida Carrer d\u2019en Corr\u00f3 5 07300 Inca Islas Baleares 971 093 839 678 413 187 info@pepjoanjoies.com","og_url":"https:\/\/www.pepjoanjoies.com\/es\/tienda\/piezas-unicas\/","og_site_name":"Pep Joan Joies","article_publisher":"https:\/\/www.facebook.com\/pepjoanjoies\/","article_modified_time":"2024-03-12T14:54:41+00:00","og_image":[{"url":"https:\/\/www.pepjoanjoies.com\/wp-content\/uploads\/elementor\/thumbs\/image_6483441-2-1-1-qi5cz6k64ttlvanifa500wc1wfmdbn0hksy5lurwn4.jpg"}],"twitter_card":"summary_large_image","schema":{"@context":"https:\/\/schema.org","@graph":[{"@type":"WebPage","@id":"https:\/\/www.pepjoanjoies.com\/es\/tienda\/piezas-unicas\/","url":"https:\/\/www.pepjoanjoies.com\/es\/tienda\/piezas-unicas\/","name":"Piezas \u00fanicas - Pep Joan Joies","isPartOf":{"@id":"https:\/\/www.pepjoanjoies.com\/es\/#website"},"primaryImageOfPage":{"@id":"https:\/\/www.pepjoanjoies.com\/es\/tienda\/piezas-unicas\/#primaryimage"},"image":{"@id":"https:\/\/www.pepjoanjoies.com\/es\/tienda\/piezas-unicas\/#primaryimage"},"thumbnailUrl":"https:\/\/www.pepjoanjoies.com\/wp-content\/uploads\/elementor\/thumbs\/image_6483441-2-1-1-qi5cz6k64ttlvanifa500wc1wfmdbn0hksy5lurwn4.jpg","datePublished":"2023-12-28T10:27:18+00:00","dateModified":"2024-03-12T14:54:41+00:00","breadcrumb":{"@id":"https:\/\/www.pepjoanjoies.com\/es\/tienda\/piezas-unicas\/#breadcrumb"},"inLanguage":"es","potentialAction":[{"@type":"ReadAction","target":["https:\/\/www.pepjoanjoies.com\/es\/tienda\/piezas-unicas\/"]}]},{"@type":"ImageObject","inLanguage":"es","@id":"https:\/\/www.pepjoanjoies.com\/es\/tienda\/piezas-unicas\/#primaryimage","url":"https:\/\/www.pepjoanjoies.com\/wp-content\/uploads\/elementor\/thumbs\/image_6483441-2-1-1-qi5cz6k64ttlvanifa500wc1wfmdbn0hksy5lurwn4.jpg","contentUrl":"https:\/\/www.pepjoanjoies.com\/wp-content\/uploads\/elementor\/thumbs\/image_6483441-2-1-1-qi5cz6k64ttlvanifa500wc1wfmdbn0hksy5lurwn4.jpg"},{"@type":"BreadcrumbList","@id":"https:\/\/www.pepjoanjoies.com\/es\/tienda\/piezas-unicas\/#breadcrumb","itemListElement":[{"@type":"ListItem","position":1,"name":"Inici","item":"https:\/\/www.pepjoanjoies.com\/es\/"},{"@type":"ListItem","position":2,"name":"Cat\u00e1logos","item":"https:\/\/www.pepjoanjoies.com\/es\/tienda\/"},{"@type":"ListItem","position":3,"name":"Piezas \u00fanicas"}]},{"@type":"WebSite","@id":"https:\/\/www.pepjoanjoies.com\/es\/#website","url":"https:\/\/www.pepjoanjoies.com\/es\/","name":"Pep Joan Joies","description":"Joies artesanals","publisher":{"@id":"https:\/\/www.pepjoanjoies.com\/es\/#organization"},"potentialAction":[{"@type":"SearchAction","target":{"@type":"EntryPoint","urlTemplate":"https:\/\/www.pepjoanjoies.com\/es\/?s={search_term_string}"},"query-input":{"@type":"PropertyValueSpecification","valueRequired":true,"valueName":"search_term_string"}}],"inLanguage":"es"},{"@type":"Organization","@id":"https:\/\/www.pepjoanjoies.com\/es\/#organization","name":"Pep Joan Joies","url":"https:\/\/www.pepjoanjoies.com\/es\/","logo":{"@type":"ImageObject","inLanguage":"es","@id":"https:\/\/www.pepjoanjoies.com\/es\/#\/schema\/logo\/image\/","url":"https:\/\/www.pepjoanjoies.com\/wp-content\/uploads\/2020\/02\/logotip_pj_joies-1__1___1_-removebg-preview.png","contentUrl":"https:\/\/www.pepjoanjoies.com\/wp-content\/uploads\/2020\/02\/logotip_pj_joies-1__1___1_-removebg-preview.png","width":960,"height":246,"caption":"Pep Joan Joies"},"image":{"@id":"https:\/\/www.pepjoanjoies.com\/es\/#\/schema\/logo\/image\/"},"sameAs":["https:\/\/www.facebook.com\/pepjoanjoies\/","https:\/\/www.instagram.com\/pepjoanjoies\/"]}]}},"_links":{"self":[{"href":"https:\/\/www.pepjoanjoies.com\/es\/wp-json\/wp\/v2\/pages\/988995","targetHints":{"allow":["GET"]}}],"collection":[{"href":"https:\/\/www.pepjoanjoies.com\/es\/wp-json\/wp\/v2\/pages"}],"about":[{"href":"https:\/\/www.pepjoanjoies.com\/es\/wp-json\/wp\/v2\/types\/page"}],"author":[{"embeddable":true,"href":"https:\/\/www.pepjoanjoies.com\/es\/wp-json\/wp\/v2\/users\/1"}],"replies":[{"embeddable":true,"href":"https:\/\/www.pepjoanjoies.com\/es\/wp-json\/wp\/v2\/comments?post=988995"}],"version-history":[{"count":2,"href":"https:\/\/www.pepjoanjoies.com\/es\/wp-json\/wp\/v2\/pages\/988995\/revisions"}],"predecessor-version":[{"id":989105,"href":"https:\/\/www.pepjoanjoies.com\/es\/wp-json\/wp\/v2\/pages\/988995\/revisions\/989105"}],"up":[{"embeddable":true,"href":"https:\/\/www.pepjoanjoies.com\/es\/wp-json\/wp\/v2\/pages\/987676"}],"wp:attachment":[{"href":"https:\/\/www.pepjoanjoies.com\/es\/wp-json\/wp\/v2\/media?parent=988995"}],"curies":[{"name":"wp","href":"https:\/\/api.w.org\/{rel}","templated":true}]}}